{"id":1645,"date":"2023-10-25T11:08:01","date_gmt":"2023-10-25T09:08:01","guid":{"rendered":"https:\/\/marhabaviatges.com\/requisitos-para-viajar-y-documentos-necesarios-2023\/"},"modified":"2023-10-30T12:24:51","modified_gmt":"2023-10-30T11:24:51","slug":"requisitos-para-viajar-y-documentos-necesarios-2023","status":"publish","type":"page","link":"https:\/\/marhabaviatges.com\/es\/requisitos-para-viajar-y-documentos-necesarios-2023\/","title":{"rendered":"Requisitos para viajar y documentos necesarios 2023"},"content":{"rendered":"<p>[et_pb_section fb_built=\u00bb1&#8243; admin_label=\u00bbHeader\u00bb _builder_version=\u00bb4.20.2&#8243; _module_preset=\u00bbdefault\u00bb use_background_color_gradient=\u00bbon\u00bb background_color_gradient_stops=\u00bbrgba(0,0,0,0.3) 0%|rgba(0,0,0,0.3) 100%\u00bb background_color_gradient_overlays_image=\u00bbon\u00bb background_image=\u00bbhttps:\/\/marhabaviatges.com\/wp-content\/uploads\/2023\/10\/pexels-rachel-claire-8112512-scaled-e1698655899512.jpg\u00bb background_position=\u00bbbottom_center\u00bb min_height=\u00bb295.4px\u00bb custom_padding=\u00bb||0px|||\u00bb hover_enabled=\u00bb0&#8243; locked=\u00bboff\u00bb collapsed=\u00bbon\u00bb global_colors_info=\u00bb{}\u00bb title_text=\u00bbpexels-rachel-claire-8112512&#8243; sticky_enabled=\u00bb0&#8243;][et_pb_row _builder_version=\u00bb4.20.2&#8243; _module_preset=\u00bbdefault\u00bb][et_pb_column _builder_version=\u00bb4.20.2&#8243; _module_preset=\u00bbdefault\u00bb type=\u00bb4_4&#8243;][et_pb_post_title _builder_version=\u00bb4.20.2&#8243; _module_preset=\u00bbdefault\u00bb meta=\u00bboff\u00bb featured_image=\u00bboff\u00bb title_font=\u00bbOswald||||||||\u00bb hover_enabled=\u00bb0&#8243; sticky_enabled=\u00bb0&#8243; title_text_color=\u00bb#FFFFFF\u00bb title_font_size=\u00bb51px\u00bb][\/et_pb_post_title][\/et_pb_column][\/et_pb_row][\/et_pb_section][et_pb_section fb_built=\u00bb1&#8243; admin_label=\u00bbPricing\u00bb _builder_version=\u00bb4.22.0&#8243; _module_preset=\u00bbdefault\u00bb locked=\u00bboff\u00bb collapsed=\u00bbon\u00bb global_colors_info=\u00bb{}\u00bb][et_pb_row column_structure=\u00bb1_2,1_2&#8243; _builder_version=\u00bb4.20.2&#8243; _module_preset=\u00bbdefault\u00bb global_colors_info=\u00bb{}\u00bb][et_pb_column type=\u00bb1_2&#8243; _builder_version=\u00bb4.20.2&#8243; _module_preset=\u00bbdefault\u00bb global_colors_info=\u00bb{}\u00bb][et_pb_text _builder_version=\u00bb4.20.2&#8243; _module_preset=\u00bbdefault\u00bb text_font=\u00bbOswald|300|||||||\u00bb hover_enabled=\u00bb0&#8243; global_colors_info=\u00bb{}\u00bb header_font=\u00bbOswald||||||||\u00bb sticky_enabled=\u00bb0&#8243;]<\/p>\n<h1 style=\"text-align: center;\"><span style=\"color: #000000;\"><strong>MARRUECOS<\/strong><\/span><\/h1>\n<p><span style=\"color: #000000;\"><strong><\/strong><\/span><\/p>\n<p><span style=\"color: #000000;\"><strong><\/strong><\/span><\/p>\n<p><span style=\"color: #000000;\"><strong>Pasaporte:<\/strong> tiene que estar en vigor y con una validez m\u00ednima de 6 meses desde la entrada al pa\u00eds.<\/span><\/p>\n<p><span style=\"color: #000000;\"><strong>Visados:<\/strong> los ciudadanos espa\u00f1oles no necesitan visados.<\/span><\/p>\n<p><span style=\"color: #000000;\"><strong>Vacunas:<\/strong> no hay ninguna obligatoria para ciudadanos espa\u00f1oles.<\/span><\/p>\n<p><span style=\"color: #000000;\">(Para mayor informaci\u00f3n pod\u00e9is dirigiros a un centro de salud)<\/span><\/p>\n<p>[\/et_pb_text][et_pb_image src=\u00bbhttps:\/\/marhabaviatges.com\/wp-content\/uploads\/2023\/10\/pexels-idriss-meliani-2945595-scaled.jpg\u00bb title_text=\u00bbpexels-idriss-meliani-2945595&#8243; _builder_version=\u00bb4.20.2&#8243; _module_preset=\u00bbdefault\u00bb global_colors_info=\u00bb{}\u00bb][\/et_pb_image][\/et_pb_column][et_pb_column type=\u00bb1_2&#8243; _builder_version=\u00bb4.20.2&#8243; _module_preset=\u00bbdefault\u00bb global_colors_info=\u00bb{}\u00bb][et_pb_text _builder_version=\u00bb4.20.2&#8243; _module_preset=\u00bbdefault\u00bb hover_enabled=\u00bb0&#8243; global_colors_info=\u00bb{}\u00bb text_font=\u00bbOswald|300|||||||\u00bb header_font=\u00bbOswald|300|||||||\u00bb sticky_enabled=\u00bb0&#8243;]<\/p>\n<h1 class=\"et_pb_toggle_title\" style=\"text-align: center;\"><strong><span style=\"color: #000000;\">India<\/span><\/strong><\/h1>\n<p style=\"text-align: center;\"><span style=\"color: #000000;\"><\/span><\/p>\n<p><span style=\"color: #000000;\"><\/span><\/p>\n<div class=\"et_pb_toggle_content clearfix\">\n<p><span style=\"color: #000000;\"><strong>Pasaporte:<\/strong> tiene que estar en vigor y con una validez m\u00ednima de 6 meses.<\/span><\/p>\n<p><span style=\"color: #000000;\"><strong>Visados:<\/strong> necesario para ciudadanos espa\u00f1oles.<\/span><\/p>\n<p><span style=\"color: #000000;\"><strong>Vacunas:<\/strong> no hay obligatorias para ciudadanos espa\u00f1oles.<\/span><\/p>\n<p><span style=\"color: #000000;\">(Para mayor informaci\u00f3n pod\u00e9is dirigiros a un centro de salud)<\/span><\/p>\n<p><span style=\"color: #000000;\"><\/span><\/p>\n<\/div>\n<p>[\/et_pb_text][et_pb_image src=\u00bbhttps:\/\/marhabaviatges.com\/wp-content\/uploads\/2023\/10\/pexels-fuzail-ahmad-2261678-scaled.jpg\u00bb title_text=\u00bbpexels-fuzail-ahmad-2261678&#8243; _builder_version=\u00bb4.20.2&#8243; _module_preset=\u00bbdefault\u00bb global_colors_info=\u00bb{}\u00bb][\/et_pb_image][\/et_pb_column][\/et_pb_row][\/et_pb_section]<\/p>\n","protected":false},"excerpt":{"rendered":"<p>MARRUECOS Pasaporte: tiene que estar en vigor y con una validez m\u00ednima de 6 meses desde la entrada al pa\u00eds. Visados: los ciudadanos espa\u00f1oles no necesitan visados. Vacunas: no hay ninguna obligatoria para ciudadanos espa\u00f1oles. (Para mayor informaci\u00f3n pod\u00e9is dirigiros a un centro de salud)India Pasaporte: tiene que estar en vigor y con una validez [&hellip;]<\/p>\n","protected":false},"author":2,"featured_media":0,"parent":0,"menu_order":0,"comment_status":"closed","ping_status":"closed","template":"","meta":{"_et_pb_use_builder":"on","_et_pb_old_content":"","_et_gb_content_width":"","footnotes":""},"class_list":["post-1645","page","type-page","status-publish","hentry"],"yoast_head":"<!-- This site is optimized with the Yoast SEO plugin v25.5 - https:\/\/yoast.com\/wordpress\/plugins\/seo\/ -->\n<title>Requisitos para viajar y documentos necesarios 2023 - Marhaba viatges a la carta<\/title>\n<meta name=\"robots\" content=\"index, follow, max-snippet:-1, max-image-preview:large, max-video-preview:-1\" \/>\n<link rel=\"canonical\" href=\"https:\/\/marhabaviatges.com\/es\/requisitos-para-viajar-y-documentos-necesarios-2023\/\" \/>\n<meta property=\"og:locale\" content=\"es_ES\" \/>\n<meta property=\"og:type\" content=\"article\" \/>\n<meta property=\"og:title\" content=\"Requisitos para viajar y documentos necesarios 2023 - Marhaba viatges a la carta\" \/>\n<meta property=\"og:description\" content=\"MARRUECOS Pasaporte: tiene que estar en vigor y con una validez m\u00ednima de 6 meses desde la entrada al pa\u00eds. Visados: los ciudadanos espa\u00f1oles no necesitan visados. Vacunas: no hay ninguna obligatoria para ciudadanos espa\u00f1oles. (Para mayor informaci\u00f3n pod\u00e9is dirigiros a un centro de salud)India Pasaporte: tiene que estar en vigor y con una validez [&hellip;]\" \/>\n<meta property=\"og:url\" content=\"https:\/\/marhabaviatges.com\/es\/requisitos-para-viajar-y-documentos-necesarios-2023\/\" \/>\n<meta property=\"og:site_name\" content=\"Marhaba viatges a la carta\" \/>\n<meta property=\"article:modified_time\" content=\"2023-10-30T11:24:51+00:00\" \/>\n<meta name=\"twitter:card\" content=\"summary_large_image\" \/>\n<meta name=\"twitter:label1\" content=\"Tiempo de lectura\" \/>\n\t<meta name=\"twitter:data1\" content=\"2 minutos\" \/>\n<script type=\"application\/ld+json\" class=\"yoast-schema-graph\">{\"@context\":\"https:\/\/schema.org\",\"@graph\":[{\"@type\":\"WebPage\",\"@id\":\"https:\/\/marhabaviatges.com\/es\/requisitos-para-viajar-y-documentos-necesarios-2023\/\",\"url\":\"https:\/\/marhabaviatges.com\/es\/requisitos-para-viajar-y-documentos-necesarios-2023\/\",\"name\":\"Requisitos para viajar y documentos necesarios 2023 - Marhaba viatges a la carta\",\"isPartOf\":{\"@id\":\"https:\/\/marhabaviatges.com\/#website\"},\"datePublished\":\"2023-10-25T09:08:01+00:00\",\"dateModified\":\"2023-10-30T11:24:51+00:00\",\"breadcrumb\":{\"@id\":\"https:\/\/marhabaviatges.com\/es\/requisitos-para-viajar-y-documentos-necesarios-2023\/#breadcrumb\"},\"inLanguage\":\"es\",\"potentialAction\":[{\"@type\":\"ReadAction\",\"target\":[\"https:\/\/marhabaviatges.com\/es\/requisitos-para-viajar-y-documentos-necesarios-2023\/\"]}]},{\"@type\":\"BreadcrumbList\",\"@id\":\"https:\/\/marhabaviatges.com\/es\/requisitos-para-viajar-y-documentos-necesarios-2023\/#breadcrumb\",\"itemListElement\":[{\"@type\":\"ListItem\",\"position\":1,\"name\":\"Inici\",\"item\":\"https:\/\/marhabaviatges.com\/es\/inicio\/\"},{\"@type\":\"ListItem\",\"position\":2,\"name\":\"Requisitos para viajar y documentos necesarios 2023\"}]},{\"@type\":\"WebSite\",\"@id\":\"https:\/\/marhabaviatges.com\/#website\",\"url\":\"https:\/\/marhabaviatges.com\/\",\"name\":\"Marhaba viatges a la carta\",\"description\":\"Especialistes en el Marroc des de 2002\",\"potentialAction\":[{\"@type\":\"SearchAction\",\"target\":{\"@type\":\"EntryPoint\",\"urlTemplate\":\"https:\/\/marhabaviatges.com\/?s={search_term_string}\"},\"query-input\":{\"@type\":\"PropertyValueSpecification\",\"valueRequired\":true,\"valueName\":\"search_term_string\"}}],\"inLanguage\":\"es\"}]}<\/script>\n<!-- \/ Yoast SEO plugin. -->","yoast_head_json":{"title":"Requisitos para viajar y documentos necesarios 2023 - Marhaba viatges a la carta","robots":{"index":"index","follow":"follow","max-snippet":"max-snippet:-1","max-image-preview":"max-image-preview:large","max-video-preview":"max-video-preview:-1"},"canonical":"https:\/\/marhabaviatges.com\/es\/requisitos-para-viajar-y-documentos-necesarios-2023\/","og_locale":"es_ES","og_type":"article","og_title":"Requisitos para viajar y documentos necesarios 2023 - Marhaba viatges a la carta","og_description":"MARRUECOS Pasaporte: tiene que estar en vigor y con una validez m\u00ednima de 6 meses desde la entrada al pa\u00eds. Visados: los ciudadanos espa\u00f1oles no necesitan visados. Vacunas: no hay ninguna obligatoria para ciudadanos espa\u00f1oles. (Para mayor informaci\u00f3n pod\u00e9is dirigiros a un centro de salud)India Pasaporte: tiene que estar en vigor y con una validez [&hellip;]","og_url":"https:\/\/marhabaviatges.com\/es\/requisitos-para-viajar-y-documentos-necesarios-2023\/","og_site_name":"Marhaba viatges a la carta","article_modified_time":"2023-10-30T11:24:51+00:00","twitter_card":"summary_large_image","twitter_misc":{"Tiempo de lectura":"2 minutos"},"schema":{"@context":"https:\/\/schema.org","@graph":[{"@type":"WebPage","@id":"https:\/\/marhabaviatges.com\/es\/requisitos-para-viajar-y-documentos-necesarios-2023\/","url":"https:\/\/marhabaviatges.com\/es\/requisitos-para-viajar-y-documentos-necesarios-2023\/","name":"Requisitos para viajar y documentos necesarios 2023 - Marhaba viatges a la carta","isPartOf":{"@id":"https:\/\/marhabaviatges.com\/#website"},"datePublished":"2023-10-25T09:08:01+00:00","dateModified":"2023-10-30T11:24:51+00:00","breadcrumb":{"@id":"https:\/\/marhabaviatges.com\/es\/requisitos-para-viajar-y-documentos-necesarios-2023\/#breadcrumb"},"inLanguage":"es","potentialAction":[{"@type":"ReadAction","target":["https:\/\/marhabaviatges.com\/es\/requisitos-para-viajar-y-documentos-necesarios-2023\/"]}]},{"@type":"BreadcrumbList","@id":"https:\/\/marhabaviatges.com\/es\/requisitos-para-viajar-y-documentos-necesarios-2023\/#breadcrumb","itemListElement":[{"@type":"ListItem","position":1,"name":"Inici","item":"https:\/\/marhabaviatges.com\/es\/inicio\/"},{"@type":"ListItem","position":2,"name":"Requisitos para viajar y documentos necesarios 2023"}]},{"@type":"WebSite","@id":"https:\/\/marhabaviatges.com\/#website","url":"https:\/\/marhabaviatges.com\/","name":"Marhaba viatges a la carta","description":"Especialistes en el Marroc des de 2002","potentialAction":[{"@type":"SearchAction","target":{"@type":"EntryPoint","urlTemplate":"https:\/\/marhabaviatges.com\/?s={search_term_string}"},"query-input":{"@type":"PropertyValueSpecification","valueRequired":true,"valueName":"search_term_string"}}],"inLanguage":"es"}]}},"_links":{"self":[{"href":"https:\/\/marhabaviatges.com\/es\/wp-json\/wp\/v2\/pages\/1645","targetHints":{"allow":["GET"]}}],"collection":[{"href":"https:\/\/marhabaviatges.com\/es\/wp-json\/wp\/v2\/pages"}],"about":[{"href":"https:\/\/marhabaviatges.com\/es\/wp-json\/wp\/v2\/types\/page"}],"author":[{"embeddable":true,"href":"https:\/\/marhabaviatges.com\/es\/wp-json\/wp\/v2\/users\/2"}],"replies":[{"embeddable":true,"href":"https:\/\/marhabaviatges.com\/es\/wp-json\/wp\/v2\/comments?post=1645"}],"version-history":[{"count":2,"href":"https:\/\/marhabaviatges.com\/es\/wp-json\/wp\/v2\/pages\/1645\/revisions"}],"predecessor-version":[{"id":1647,"href":"https:\/\/marhabaviatges.com\/es\/wp-json\/wp\/v2\/pages\/1645\/revisions\/1647"}],"wp:attachment":[{"href":"https:\/\/marhabaviatges.com\/es\/wp-json\/wp\/v2\/media?parent=1645"}],"curies":[{"name":"wp","href":"https:\/\/api.w.org\/{rel}","templated":true}]}}